{"id":8229,"date":"2022-04-04T20:13:52","date_gmt":"2022-04-04T18:13:52","guid":{"rendered":"https:\/\/choeur2limours.com\/?page_id=8229"},"modified":"2022-04-28T22:18:32","modified_gmt":"2022-04-28T20:18:32","slug":"partition-haendel-foundling-hospital-anthem","status":"publish","type":"page","link":"https:\/\/choeur2limours.com\/index.php\/partition-haendel-foundling-hospital-anthem\/","title":{"rendered":"Partition Haendel Foundling Hospital Anthem"},"content":{"rendered":"\n<h1 class=\"wp-block-heading\">Partition Haendel Foundling Hospital Anthem<\/h1>\n\n\n\n<div data-wp-interactive=\"core\/file\" class=\"wp-block-file\"><object data-wp-bind--hidden=\"!state.hasPdfPreview\" hidden class=\"wp-block-file__embed\" data=\"https:\/\/choeur2limours.com\/wp-content\/uploads\/2022\/04\/partition-foundling-01.pdf\" type=\"application\/pdf\" style=\"width:100%;height:600px\" aria-label=\"Contenu embarqu\u00e9 Contenu embarqu\u00e9 Partition Chapitres 1 \u00e0 4..\"><\/object><a id=\"wp-block-file--media-dd36ba0b-4377-4717-890c-fb40578aef74\" href=\"https:\/\/choeur2limours.com\/wp-content\/uploads\/2022\/04\/partition-foundling-01.pdf\">Partition Chapitres 1 \u00e0 4<\/a><a href=\"https:\/\/choeur2limours.com\/wp-content\/uploads\/2022\/04\/partition-foundling-01.pdf\" class=\"wp-block-file__button\" download aria-describedby=\"wp-block-file--media-dd36ba0b-4377-4717-890c-fb40578aef74\">T\u00e9l\u00e9charger<\/a><\/div>\n","protected":false},"excerpt":{"rendered":"<p>Partition Haendel Foundling Hospital Anthem<\/p>\n","protected":false},"author":1,"featured_media":0,"parent":0,"menu_order":0,"comment_status":"closed","ping_status":"closed","template":"","meta":{"footnotes":""},"categories":[],"tags":[],"class_list":["post-8229","page","type-page","status-publish","hentry"],"_links":{"self":[{"href":"https:\/\/choeur2limours.com\/index.php\/wp-json\/wp\/v2\/pages\/8229","targetHints":{"allow":["GET"]}}],"collection":[{"href":"https:\/\/choeur2limours.com\/index.php\/wp-json\/wp\/v2\/pages"}],"about":[{"href":"https:\/\/choeur2limours.com\/index.php\/wp-json\/wp\/v2\/types\/page"}],"author":[{"embeddable":true,"href":"https:\/\/choeur2limours.com\/index.php\/wp-json\/wp\/v2\/users\/1"}],"replies":[{"embeddable":true,"href":"https:\/\/choeur2limours.com\/index.php\/wp-json\/wp\/v2\/comments?post=8229"}],"version-history":[{"count":4,"href":"https:\/\/choeur2limours.com\/index.php\/wp-json\/wp\/v2\/pages\/8229\/revisions"}],"predecessor-version":[{"id":8361,"href":"https:\/\/choeur2limours.com\/index.php\/wp-json\/wp\/v2\/pages\/8229\/revisions\/8361"}],"wp:attachment":[{"href":"https:\/\/choeur2limours.com\/index.php\/wp-json\/wp\/v2\/media?parent=8229"}],"wp:term":[{"taxonomy":"category","embeddable":true,"href":"https:\/\/choeur2limours.com\/index.php\/wp-json\/wp\/v2\/categories?post=8229"},{"taxonomy":"post_tag","embeddable":true,"href":"https:\/\/choeur2limours.com\/index.php\/wp-json\/wp\/v2\/tags?post=8229"}],"curies":[{"name":"wp","href":"https:\/\/api.w.org\/{rel}","templated":true}]}}