{"id":8044,"date":"2022-01-28T18:33:33","date_gmt":"2022-01-28T17:33:33","guid":{"rendered":"https:\/\/choeur2limours.com\/?page_id=8044"},"modified":"2022-01-28T19:33:07","modified_gmt":"2022-01-28T18:33:07","slug":"video-de-longpont-le-20-novembre-2021","status":"publish","type":"page","link":"https:\/\/choeur2limours.com\/index.php\/video-de-longpont-le-20-novembre-2021\/","title":{"rendered":"Concerts des 20-21 novembre 2021"},"content":{"rendered":"\n<h1 class=\"has-vivid-cyan-blue-color has-text-color wp-block-heading\" id=\"concerts-des-20-et-21-novembre-2021\">Concerts des 20 et 21 novembre 2021<\/h1>\n\n\n\n<figure class=\"wp-block-image size-large is-resized\"><img loading=\"lazy\" decoding=\"async\" src=\"https:\/\/choeur2limours.com\/wp-content\/uploads\/2021\/11\/MisaTango-groupe-1024x486.jpg\" alt=\"\" class=\"wp-image-7807\" width=\"840\" height=\"398\" srcset=\"https:\/\/choeur2limours.com\/wp-content\/uploads\/2021\/11\/MisaTango-groupe-1024x486.jpg 1024w, https:\/\/choeur2limours.com\/wp-content\/uploads\/2021\/11\/MisaTango-groupe-300x142.jpg 300w, https:\/\/choeur2limours.com\/wp-content\/uploads\/2021\/11\/MisaTango-groupe-768x364.jpg 768w, https:\/\/choeur2limours.com\/wp-content\/uploads\/2021\/11\/MisaTango-groupe-1536x729.jpg 1536w, https:\/\/choeur2limours.com\/wp-content\/uploads\/2021\/11\/MisaTango-groupe-2048x971.jpg 2048w\" sizes=\"auto, (max-width: 840px) 100vw, 840px\" \/><figcaption><strong>Apr\u00e8s le concert de Limours le 21 novembre 2021<\/strong><\/figcaption><\/figure>\n\n\n\n<h2 class=\"has-vivid-cyan-blue-color has-text-color wp-block-heading\" id=\"video-du-concert-misatango-de-longpont-le-20-novembre-2021\">Vid\u00e9o du concert Misatango de Longpont le 20 novembre 2021<\/h2>\n\n\n\n<h3 class=\"has-vivid-cyan-blue-color has-text-color wp-block-heading\" id=\"acces-a-la-video-par-youtube\">Acc\u00e8s \u00e0 la vid\u00e9o par Youtube<\/h3>\n\n\n\n<p><a rel=\"noreferrer noopener\" href=\"https:\/\/youtu.be\/heNjyGURIDY\" target=\"_blank\">Misa Tango Longpont <\/a><\/p>\n\n\n\n<h3 class=\"has-vivid-cyan-blue-color has-text-color wp-block-heading\" id=\"telechargement-depuis-le-cloud\">T\u00e9l\u00e9chargement depuis le Cloud <\/h3>\n\n\n\n<p>Attention : ces fichiers sont volumineux (1 \u00e0 2 Go)<\/p>\n\n\n\n<p><a href=\"https:\/\/txuh37011.swdrive.fr\/index.php\/s\/9eRA5MNBfpnaD66\" target=\"_blank\" rel=\"noreferrer noopener\">Kyrie et Gloria<\/a><\/p>\n\n\n\n<p><a href=\"https:\/\/txuh37011.swdrive.fr\/index.php\/s\/sDCYGLdaAZY8bK2\">Credo<\/a><\/p>\n\n\n\n<p><a href=\"https:\/\/txuh37011.swdrive.fr\/index.php\/s\/oW2wBA8e9YNdbd9\" target=\"_blank\" rel=\"noreferrer noopener\">Sanctus et Benedictus<\/a><\/p>\n\n\n\n<p><a href=\"https:\/\/txuh37011.swdrive.fr\/index.php\/s\/cc9FAHZ7Es6G8Qk\">Agnus Dei<\/a><\/p>\n","protected":false},"excerpt":{"rendered":"<p>Concerts des 20 et 21 novembre 2021 Vid\u00e9o du concert Misatango de Longpont le 20 novembre 2021 Acc\u00e8s \u00e0 la vid\u00e9o par Youtube Misa Tango Longpont T\u00e9l\u00e9chargement depuis le Cloud Attention : ces fichiers sont volumineux (1 \u00e0 2 Go) Kyrie et Gloria Credo Sanctus et Benedictus Agnus Dei<\/p>\n","protected":false},"author":1,"featured_media":0,"parent":0,"menu_order":0,"comment_status":"closed","ping_status":"closed","template":"","meta":{"footnotes":""},"categories":[],"tags":[],"class_list":["post-8044","page","type-page","status-publish","hentry"],"_links":{"self":[{"href":"https:\/\/choeur2limours.com\/index.php\/wp-json\/wp\/v2\/pages\/8044","targetHints":{"allow":["GET"]}}],"collection":[{"href":"https:\/\/choeur2limours.com\/index.php\/wp-json\/wp\/v2\/pages"}],"about":[{"href":"https:\/\/choeur2limours.com\/index.php\/wp-json\/wp\/v2\/types\/page"}],"author":[{"embeddable":true,"href":"https:\/\/choeur2limours.com\/index.php\/wp-json\/wp\/v2\/users\/1"}],"replies":[{"embeddable":true,"href":"https:\/\/choeur2limours.com\/index.php\/wp-json\/wp\/v2\/comments?post=8044"}],"version-history":[{"count":9,"href":"https:\/\/choeur2limours.com\/index.php\/wp-json\/wp\/v2\/pages\/8044\/revisions"}],"predecessor-version":[{"id":8064,"href":"https:\/\/choeur2limours.com\/index.php\/wp-json\/wp\/v2\/pages\/8044\/revisions\/8064"}],"wp:attachment":[{"href":"https:\/\/choeur2limours.com\/index.php\/wp-json\/wp\/v2\/media?parent=8044"}],"wp:term":[{"taxonomy":"category","embeddable":true,"href":"https:\/\/choeur2limours.com\/index.php\/wp-json\/wp\/v2\/categories?post=8044"},{"taxonomy":"post_tag","embeddable":true,"href":"https:\/\/choeur2limours.com\/index.php\/wp-json\/wp\/v2\/tags?post=8044"}],"curies":[{"name":"wp","href":"https:\/\/api.w.org\/{rel}","templated":true}]}}