{"id":7519,"date":"2021-10-03T10:14:29","date_gmt":"2021-10-03T08:14:29","guid":{"rendered":"https:\/\/choeur2limours.com\/?page_id=7519"},"modified":"2021-12-07T18:36:38","modified_gmt":"2021-12-07T17:36:38","slug":"misatango-zoom","status":"publish","type":"page","link":"https:\/\/choeur2limours.com\/index.php\/misatango-zoom\/","title":{"rendered":"Misatango Zoom"},"content":{"rendered":"\n<h1 class=\"has-vivid-cyan-blue-color has-text-color wp-block-heading\">Misatango Zoom<\/h1>\n\n\n\n<p>Les r\u00e9p\u00e9titions ont sont effectu\u00e9es en visioconf\u00e9rence ZOOM. Au cours de celles-ci Ariel d\u00e9veloppe une le\u00e7on, \u00e0 laquelle les choristes assistent, micro et cam\u00e9ra coup\u00e9s. Des temps d&rsquo;\u00e9changes sont m\u00e9nag\u00e9s de temps en temps avec micros et cam\u00e9ras actifs. Les enregistrements vid\u00e9o sont r\u00e9alis\u00e9s par le service Zoom. Le chargement et la visualisation de ces enregistrements vid\u00e9o sont r\u00e9serv\u00e9s aux choristes connect\u00e9s.<\/p>\n\n\n<div class=\"userpro userpro-757 userpro-float\"  data-template='private' data-max_width='480px' data-uploads_dir='https:\/\/choeur2limours.com\/wp-content\/uploads\/userpro\/' data-default_avatar_male='https:\/\/choeur2limours.com\/wp-content\/plugins\/userpro\/img\/default_avatar_male.jpg' data-default_avatar_female='https:\/\/choeur2limours.com\/wp-content\/plugins\/userpro\/img\/default_avatar_female.jpg' data-layout='float' data-margin_top='0' data-margin_bottom='30px' data-align='center' data-skin='default' data-required_text='This field is required' data-password_too_short='Your password is too short' data-passwords_do_not_match='Passwords do not match' data-password_not_strong='Password is not strong enough' data-keep_one_section_open='0' data-allow_sections='1' data-permalink='https:\/\/choeur2limours.com\/index.php\/misatango-zoom\/' data-field_icons='1' data-profile_thumb_size='80' data-register_heading='Register an Account' data-register_side='Already a member?' data-register_side_action='login' data-register_button_action='login' data-register_button_primary='Register' data-register_button_secondary='Login' data-register_group='default' data-register_redirect='0' data-type='0' data-login_heading='Login' data-login_side='Forgot your password?' data-login_side_action='reset' data-login_button_action='register' data-login_button_primary='Login' data-login_button_secondary='Create an Account' data-login_group='default' data-login_redirect='0' data-delete_heading='Delete Profile' data-delete_side='Undo, back to profile' data-delete_side_action='view' data-delete_button_action='view' data-delete_button_primary='Confirm Deletion' data-delete_button_secondary='Back to Profile' data-delete_group='default' data-reset_heading='Reset Password' data-reset_side='Back to Login' data-reset_side_action='login' data-reset_button_action='change' data-reset_button_primary='Request Secret Key' data-reset_button_secondary='Change your Password' data-reset_group='default' data-change_heading='Change your Password' data-change_side='Request New Key' data-change_side_action='reset' data-change_button_action='reset' data-change_button_primary='Change my Password' data-change_button_secondary='Do not have a secret key?' data-change_group='default' data-list_heading='Latest Members' data-list_per_page='5' data-list_sortby='registered' data-list_order='desc' data-list_users='0' data-list_group='default' data-list_thumb='50' data-list_showthumb='1' data-list_showsocial='1' data-list_showbio='0' data-list_verified='0' data-list_relation='or' data-list_popup_view='0' data-online_heading='Who is online now' data-online_thumb='30' data-online_showthumb='1' data-online_showsocial='0' data-online_showbio='0' data-online_mini='1' data-online_mode='vertical' data-edit_button_primary='Save Changes' data-edit_group='default' data-view_group='default' data-social_target='_blank' data-social_group='default' data-link_target='_blank' data-error_heading='An error has occured' data-memberlist_v2='1' data-memberlist_v2_pic_size='86' data-memberlist_v2_fields='age,gender,country' data-memberlist_v2_bio='1' data-memberlist_v2_showbadges='1' data-memberlist_v2_showname='1' data-memberlist_v2_showsocial='1' data-memberlist_pic_size='120' data-memberlist_pic_topspace='15' data-memberlist_pic_sidespace='30' data-memberlist_pic_rounded='1' data-memberlist_width='100%' data-memberlist_paginate='1' data-memberlist_paginate_top='1' data-memberlist_paginate_bottom='1' data-memberlist_show_name='1' data-memberlist_popup_view='0' data-memberlist_withavatar='0' data-memberlist_verified='0' data-memberlist_filters='0' data-memberlist_default_search='1' data-per_page='12' data-sortby='registered' data-order='desc' data-relation='and' data-search='1' data-show_social='1' data-registration_closed_side='Existing member? login' data-registration_closed_side_action='login' data-facebook_redirect='profile' data-logout_redirect='0' data-postsbyuser_num='12' data-postsbyuser_types='post' data-postsbyuser_mode='grid' data-postsbyuser_thumb='50' data-postsbyuser_showthumb='1' data-publish_heading='Add a New Post' data-publish_button_primary='Publish' data-publish_button_draft='Save as Draft' data-restrict_to_verified='0' data-restrict_to_roles='0' data-emd_filters='1' data-emd_thumb='200' data-emd_social='1' data-emd_bio='1' data-emd_fields='first_name,last_name,gender,country' data-emd_layout='masonry' data-emd_per_page='100' data-emd_col_width='10%' data-emd_col_margin='2%' data-emd_accountstatus='Search by account status' data-emd_photopreference='Photo Preference' data-emd_country='Search by country,dropdown' data-emd_gender='Gender,radio' data-emd_paginate='1' data-emd_paginate_top='1' data-collage_per_page='20' data-following_heading='Following' data-followers_heading='Followers' data-activity_heading='Recent Activity' data-activity_all='0' data-activity_per_page='10' data-activity_side='refresh' data-activity_user='0'>\r\n\r\n\t<div class=\"userpro-head\">\r\n\t\t<div class=\"userpro-left\"><i class=\"userpro-icon-lock\"><\/i>Restricted Content \/ Members Only<\/div>\r\n\t\t<div class=\"userpro-clear\"><\/div>\r\n\t<\/div>\r\n\t\r\n\t<div class=\"userpro-body\">\r\n\t\r\n\t\t<p>Une partie de cette page est r\u00e9serv\u00e9e aux choristes. \r\nPour la visualiser , veuillez vous connecter\r\nen cliquant sur --->> <a href=\"#\" class=\"popup_userpro-login\" force_redirect_uri=\"1\">Login<\/a> .\r\n\r\n<\/p>\r\n\t\t\r\n\t<\/div>\r\n<\/div>\r\n\r\n<style type=\"text\/css\">\r\n\r\ndiv.userpro-awsm-pic {\r\n\tmargin-left: -48px;\r\n\ttop: -48px;\r\n}\r\n\r\ndiv.userpro-awsm-pic img {\r\n\twidth: 86px;\r\n\theight: 86px;\r\n}\r\n\r\ndiv.userpro,\r\ndiv.emd-main,\r\ndiv.emd-filters,\r\ndiv.userpro-search-results,\r\ndiv.userpro-label label,\r\ndiv.userpro input,\r\ndiv.userpro textarea,\r\ndiv.userpro select,\r\ndiv.userpro-field textarea.userpro_editor,\r\ndiv.userpro-msg-overlay-content,\r\ndiv.userpro-msg-overlay-content input,\r\ndiv.userpro-msg-overlay-content textarea,\r\ndiv.userpro-notifier\r\n{\r\n\tfont-family: Roboto;\r\n}\r\n\r\n\r\ndiv.userpro-757 {\r\n\tmax-width: 480px;\r\n\t\t\t\tmargin-left: auto;margin-right: auto;\r\n\t\t\t\tmargin-bottom: 30px;\r\n\t}\r\n\r\n\r\n\r\ndiv.userpro-757.userpro-nostyle {\r\n\tmax-width: 250px;\r\n}\r\n\r\ndiv.userpro-757.userpro-users {\r\n\tmax-width: 100% !important;\r\n}\r\n\r\ndiv.userpro-757 div.userpro-user {\r\n\tmargin-top: 15px;\r\n\tmargin-left: 30px;\r\n\tmargin-right: 30px;\r\n}\r\n\r\ndiv.userpro-757 div.userpro-user a.userpro-user-img {\r\n\twidth: 120px;\r\n\theight: 120px;\r\n}\r\ndiv.userpro-757 div.userpro-user a.userpro-user-img span {\r\n\ttop: -120px;\r\n\tline-height: 120px;\r\n}\r\n\r\ndiv.userpro-757 div.userpro-user div.userpro-user-link {\r\n\twidth: 120px;\r\n}\r\n\r\ndiv.userpro-757 div.userpro-user a.userpro-user-img,\r\ndiv.userpro-757 div.userpro-user a.userpro-user-img span {\r\n\tborder-radius: 999px !important;\r\n}\r\n\r\ndiv.userpro-757 div.userpro-list-item-i {\r\n\twidth: 50px;\r\n\theight: 50px;\r\n}\r\n\r\n\r\ndiv.userpro-757 div.userpro-online-item-i {\r\n\twidth: 30px;\r\n\theight: 30px;\r\n}\r\n\r\ndiv.userpro-757 div.userpro-online-item {\r\n\tborder-bottom: 0px !important;\r\n\tpadding: 10px 0 0 0;\r\n}\r\n\r\ndiv.userpro-757 div.userpro-online-item img.userpro-profile-badge,\r\ndiv.userpro-757 div.userpro-online-item img.userpro-profile-badge-right {\r\n\tmax-width: 14px !important;\r\n\tmax-height: 14px !important;\r\n}\r\n\r\ndiv.userpro-757 div.userpro-profile-img {\r\n\twidth: 80px;\r\n}\r\n\r\ndiv.emd-user {\r\n    width: 10%;\r\n    margin-left: 2% !important;\r\n}\r\ndiv.emd-user-img img{\r\n    width: 200px!important;\r\n}\r\n\r\n\r\n\r\n\r\n<\/style>\r\n\r\n\n\n\n\n<p><\/p>\n","protected":false},"excerpt":{"rendered":"<p>Misatango Zoom Les r\u00e9p\u00e9titions ont sont effectu\u00e9es en visioconf\u00e9rence ZOOM. Au cours de celles-ci Ariel d\u00e9veloppe une le\u00e7on, \u00e0 laquelle les choristes assistent, micro et cam\u00e9ra coup\u00e9s. Des temps d&rsquo;\u00e9changes sont m\u00e9nag\u00e9s de temps en temps avec micros et cam\u00e9ras actifs. Les enregistrements vid\u00e9o sont r\u00e9alis\u00e9s par le service Zoom. Le chargement et la visualisation&hellip;<\/p>\n<p class=\"more-link\"><a href=\"https:\/\/choeur2limours.com\/index.php\/misatango-zoom\/\" class=\"themebutton2\">Read More<\/a><\/p>\n","protected":false},"author":1,"featured_media":0,"parent":0,"menu_order":0,"comment_status":"closed","ping_status":"closed","template":"","meta":{"footnotes":""},"categories":[],"tags":[],"class_list":["post-7519","page","type-page","status-publish","hentry"],"_links":{"self":[{"href":"https:\/\/choeur2limours.com\/index.php\/wp-json\/wp\/v2\/pages\/7519","targetHints":{"allow":["GET"]}}],"collection":[{"href":"https:\/\/choeur2limours.com\/index.php\/wp-json\/wp\/v2\/pages"}],"about":[{"href":"https:\/\/choeur2limours.com\/index.php\/wp-json\/wp\/v2\/types\/page"}],"author":[{"embeddable":true,"href":"https:\/\/choeur2limours.com\/index.php\/wp-json\/wp\/v2\/users\/1"}],"replies":[{"embeddable":true,"href":"https:\/\/choeur2limours.com\/index.php\/wp-json\/wp\/v2\/comments?post=7519"}],"version-history":[{"count":7,"href":"https:\/\/choeur2limours.com\/index.php\/wp-json\/wp\/v2\/pages\/7519\/revisions"}],"predecessor-version":[{"id":7939,"href":"https:\/\/choeur2limours.com\/index.php\/wp-json\/wp\/v2\/pages\/7519\/revisions\/7939"}],"wp:attachment":[{"href":"https:\/\/choeur2limours.com\/index.php\/wp-json\/wp\/v2\/media?parent=7519"}],"wp:term":[{"taxonomy":"category","embeddable":true,"href":"https:\/\/choeur2limours.com\/index.php\/wp-json\/wp\/v2\/categories?post=7519"},{"taxonomy":"post_tag","embeddable":true,"href":"https:\/\/choeur2limours.com\/index.php\/wp-json\/wp\/v2\/tags?post=7519"}],"curies":[{"name":"wp","href":"https:\/\/api.w.org\/{rel}","templated":true}]}}