{"id":2257,"date":"2018-12-17T21:47:36","date_gmt":"2018-12-17T20:47:36","guid":{"rendered":"https:\/\/choeur2limours.com\/?page_id=2257"},"modified":"2020-10-11T15:49:56","modified_gmt":"2020-10-11T13:49:56","slug":"catalogue-des-oeuvres-au-repertoire","status":"publish","type":"page","link":"https:\/\/choeur2limours.com\/index.php\/catalogue-des-oeuvres-au-repertoire\/","title":{"rendered":"Catalogue des \u0153uvres au r\u00e9pertoire"},"content":{"rendered":"<h1 style=\"text-align: center;\"><strong>Catalogue des \u0153uvres au r\u00e9pertoire<\/strong><\/h1>\n<p>Les compositeurs sont class\u00e9s par ordre chronologique de date de naissance.<\/p>\n<p>Les dates mentionn\u00e9es entre crochets [<a class=\"TM1\" href=\"https:\/\/choeur2limours.com\/index.php\/liste-des-concerts\/\" target=\"_blank\" rel=\"noopener noreferrer\">2000<\/a>], sont celles o\u00f9 ces \u0153uvres ont \u00e9t\u00e9 mises au programme.<\/p>\n<p>Le lien sur la date vous dirige vers la page du concert.<\/p>\n\n<table id=\"tablepress-21\" class=\"tablepress tablepress-id-21\">\n<thead>\n<tr class=\"row-1\">\n\t<th class=\"column-1\">Compositeur<\/th><th class=\"column-2\">Dates<\/th><th class=\"column-3\">\u00c9poque<\/th><th class=\"column-4\">\u0152uvres<\/th>\n<\/tr>\n<\/thead>\n<tbody class=\"row-striping\">\n<tr class=\"row-2\">\n\t<td class=\"column-1\">Michael PRAETORIUS<\/td><td class=\"column-2\">1571 - 1621<\/td><td class=\"column-3\">Renaissance<\/td><td class=\"column-4\">Siehe wie fein und lieblich ist (Lobet den Herren), [<a href=\"https:\/\/choeur2limours.com\/index.php\/liste-des-concerts\/#1996-1\" target=\"_blank\" rel=\"noopener noreferrer\">1996<\/a>]<\/td>\n<\/tr>\n<tr class=\"row-3\">\n\t<td class=\"column-1\">Heinrich SCH\u00dcTZ<\/td><td class=\"column-2\">1585 - 1672<\/td><td class=\"column-3\">Baroque<\/td><td class=\"column-4\">Magnificat XWV 468,  [<a href=\"https:\/\/choeur2limours.com\/index.php\/liste-des-concerts\/#1996-1\" target=\"_blank\" rel=\"noopener noreferrer\">1996<\/a>]<br \/>\nAlleluia SWV 38, [<a href=\"https:\/\/choeur2limours.com\/index.php\/liste-des-concerts\/#1996-1\" target=\"_blank\" rel=\"noopener noreferrer\">1996<\/a>]<br \/>\nLobet den Herren SWV 39,  [1980,<a href=\"https:\/\/choeur2limours.com\/index.php\/liste-des-concerts\/#1996-1\" target=\"_blank\" rel=\"noopener noreferrer\">1996<\/a>]<br \/>\nJauchzet dem Herren, alle Welt SWV 36,  [<a href=\"https:\/\/choeur2limours.com\/index.php\/liste-des-concerts\/#1996-1\" target=\"_blank\" rel=\"noopener noreferrer\">1996<\/a>]<\/td>\n<\/tr>\n<tr class=\"row-4\">\n\t<td class=\"column-1\">Henry DUMONT<\/td><td class=\"column-2\">1610 - 1684<\/td><td class=\"column-3\">Baroque<\/td><td class=\"column-4\">Magnificat,  [<a href=\"https:\/\/choeur2limours.com\/index.php\/liste-des-concerts\/#2011\" target=\"_blank\" rel=\"noopener noreferrer\">2011<\/a>]<\/td>\n<\/tr>\n<tr class=\"row-5\">\n\t<td class=\"column-1\">Marc-Antoine CHARPENTIER<\/td><td class=\"column-2\">1643 - 1704<\/td><td class=\"column-3\">Baroque<\/td><td class=\"column-4\">Messe de minuit pour No\u00ebl, H.9,  [<a href=\"https:\/\/choeur2limours.com\/index.php\/liste-des-concerts\/#2012-1\" target=\"_blank\" rel=\"noopener noreferrer\">2012<\/a>]<\/td>\n<\/tr>\n<tr class=\"row-6\">\n\t<td class=\"column-1\">Andr\u00e9 CAMPRA<\/td><td class=\"column-2\">1660 - 1744<\/td><td class=\"column-3\">Baroque<\/td><td class=\"column-4\">Requiem,  [<a href=\"https:\/\/choeur2limours.com\/index.php\/liste-des-concerts\/#2011\" target=\"_blank\" rel=\"noopener noreferrer\">2011<\/a>]<\/td>\n<\/tr>\n<tr class=\"row-7\">\n\t<td class=\"column-1\">Louis-Nicolas CL\u00c9RAMBAULT<\/td><td class=\"column-2\">1676 - 1749<\/td><td class=\"column-3\">Baroque<\/td><td class=\"column-4\">Motet au Saint-Sacrement,  [<a href=\"https:\/\/choeur2limours.com\/index.php\/liste-des-concerts\/#1996-2\" target=\"_blank\" rel=\"noopener noreferrer\">1996<\/a>]<br \/>\nMotet \u00e0\u00a0 grand ch\u0153ur Regina,  [<a href=\"https:\/\/choeur2limours.com\/index.php\/liste-des-concerts\/#1996-2\" target=\"_blank\" rel=\"noopener noreferrer\">1996<\/a>]<\/td>\n<\/tr>\n<tr class=\"row-8\">\n\t<td class=\"column-1\">Antonio VIVALDI<\/td><td class=\"column-2\">1678 - 1741<\/td><td class=\"column-3\">Baroque<\/td><td class=\"column-4\">Beatus Vir,  [<a href=\"https:\/\/choeur2limours.com\/index.php\/liste-des-concerts\/#2002-1\" target=\"_blank\" rel=\"noopener noreferrer\">2002<\/a>]<br \/>\nDixit Dominus RV 595, [<a href=\"https:\/\/choeur2limours.com\/index.php\/liste-des-concerts\/#2002-1\" target=\"_blank\" rel=\"noopener noreferrer\">2002<\/a>,<a href=\"https:\/\/choeur2limours.com\/index.php\/liste-des-concerts\/#2023-1\" target=\"_blank\" rel=\"noopener noreferrer\">2023<\/a>]<br \/>\nGloria RV 589,  [<a href=\"https:\/\/choeur2limours.com\/index.php\/liste-des-concerts\/#2002-2\" target=\"_blank\" rel=\"noopener noreferrer\">2002<\/a>,<a href=\"https:\/\/choeur2limours.com\/index.php\/liste-des-concerts\/#2005-3\" target=\"_blank\" rel=\"noopener noreferrer\">2005<\/a>,<a href=\"https:\/\/choeur2limours.com\/index.php\/liste-des-concerts\/#2023-1\" target=\"_blank\" rel=\"noopener noreferrer\">2023<\/a>]<br \/>\nLauda Jerusalem RV 609,  [<a href=\"https:\/\/choeur2limours.com\/index.php\/liste-des-concerts\/#2023-1\" target=\"_blank\" rel=\"noopener noreferrer\">2023<\/a>]<\/td>\n<\/tr>\n<tr class=\"row-9\">\n\t<td class=\"column-1\">Jean-S\u00e9bastien BACH<\/td><td class=\"column-2\">1685 - 1750<\/td><td class=\"column-3\">Baroque<\/td><td class=\"column-4\">Cantate pascale BWV 4 'Christ lag in Todesbanden',  [<a href=\"https:\/\/choeur2limours.com\/index.php\/liste-des-concerts\/#1991\" target=\"_blank\" rel=\"noopener noreferrer\">1991<\/a>,<a href=\"https:\/\/choeur2limours.com\/index.php\/liste-des-concerts\/#2012-1\" target=\"_blank\" rel=\"noopener noreferrer\">2012<\/a>]<br \/>\nOratorio de No\u00ebl, [<a href=\"https:\/\/choeur2limours.com\/index.php\/liste-des-concerts\/#2000-2\" target=\"_blank\" rel=\"noopener noreferrer\">2000<\/a>]<br \/>\nPassion selon St Matthieu, [<a href=\"https:\/\/choeur2limours.com\/index.php\/liste-des-concerts\/#1976\" target=\"_blank\" rel=\"noopener noreferrer\">1976<\/a>]<\/td>\n<\/tr>\n<tr class=\"row-10\">\n\t<td class=\"column-1\">Georg Friedrich HAENDEL<\/td><td class=\"column-2\">1685 - 1759<\/td><td class=\"column-3\">Baroque<\/td><td class=\"column-4\">Isra\u00ebl en \u00c9gypte,  [<a href=\"https:\/\/choeur2limours.com\/index.php\/liste-des-concerts\/#1994\" target=\"_blank\" rel=\"noopener noreferrer\">1994<\/a>,<a href=\"https:\/\/choeur2limours.com\/index.php\/liste-des-concerts\/#2000-1\" target=\"_blank\" rel=\"noopener noreferrer\">2000<\/a>]<br \/>\nLe Messie,  [<a href=\"https:\/\/choeur2limours.com\/index.php\/liste-des-concerts\/#2008\" target=\"_blank\" rel=\"noopener noreferrer\">2008<\/a>,<a href=\"https:\/\/choeur2limours.com\/index.php\/liste-des-concerts\/#2019-2\" target=\"_blank\" rel=\"noopener noreferrer\">2019<\/a>]<br \/>\nFoundling Hospital Anthem HWV 268,  [<a href=\"https:\/\/choeur2limours.com\/index.php\/liste-des-concerts\/#2015\" target=\"_blank\" rel=\"noopener noreferrer\">2015<\/a>,<a href=\"https:\/\/choeur2limours.com\/index.php\/liste-des-concerts\/#2022-1\" target=\"_blank\" rel=\"noopener noreferrer\">2022<\/a>]<br \/>\nPsaume 112,  [<a href=\"https:\/\/choeur2limours.com\/index.php\/liste-des-concerts\/#2022-1\" target=\"_blank\" rel=\"noopener noreferrer\">2022<\/a>]<br \/>\nUtrecht Te deum,  [<a href=\"https:\/\/choeur2limours.com\/index.php\/liste-des-concerts\/#2022-1\" target=\"_blank\" rel=\"noopener noreferrer\">2022<\/a>]<\/td>\n<\/tr>\n<tr class=\"row-11\">\n\t<td class=\"column-1\">Jean-Joseph MONDONVILLE<\/td><td class=\"column-2\">1711 - 1772<\/td><td class=\"column-3\">Baroque<\/td><td class=\"column-4\">Dominus regnavit decorum (Psaume 92),  [<a href=\"https:\/\/choeur2limours.com\/index.php\/liste-des-concerts\/#2012-1\" target=\"_blank\" rel=\"noopener noreferrer\">2012<\/a>]<\/td>\n<\/tr>\n<tr class=\"row-12\">\n\t<td class=\"column-1\">Joseph HAYDN<\/td><td class=\"column-2\">1732 - 1809<\/td><td class=\"column-3\">Classique<\/td><td class=\"column-4\">Nelson Mass,  [<a href=\"https:\/\/choeur2limours.com\/index.php\/liste-des-concerts\/#1989\" target=\"_blank\" rel=\"noopener noreferrer\">1989<\/a>]<br \/>\nPaukenmesse,  [<a href=\"https:\/\/choeur2limours.com\/index.php\/liste-des-concerts\/#1998-2\" target=\"_blank\" rel=\"noopener noreferrer\">1998<\/a>]<br \/>\nDie Sch\u00f6pfung (La Cr\u00e9ation),  [<a href=\"https:\/\/choeur2limours.com\/index.php\/liste-des-concerts\/#2017\" target=\"_blank\" rel=\"noopener noreferrer\">2017<\/a>,<a href=\"https:\/\/choeur2limours.com\/index.php\/liste-des-concerts\/#2018-2\" target=\"_blank\" rel=\"noopener noreferrer\">2018<\/a>]<\/td>\n<\/tr>\n<tr class=\"row-13\">\n\t<td class=\"column-1\">Wolfgang Amadeus MOZART<\/td><td class=\"column-2\">1756 - 1791<\/td><td class=\"column-3\">Classique<\/td><td class=\"column-4\">Requiem K626,  [<a href=\"https:\/\/choeur2limours.com\/index.php\/liste-des-concerts\/#1987\" target=\"_blank\" rel=\"noopener noreferrer\">1987<\/a>,<a href=\"https:\/\/choeur2limours.com\/index.php\/liste-des-concerts\/#1999-3\" target=\"_blank\" rel=\"noopener noreferrer\">1999<\/a>,<a href=\"https:\/\/choeur2limours.com\/index.php\/liste-des-concerts\/#2006-2\" target=\"_blank\" rel=\"noopener noreferrer\">2006<\/a>]<br \/>\nGrande messe en ut mineur KV 417a,  [<a href=\"https:\/\/choeur2limours.com\/index.php\/liste-des-concerts\/#2003\" target=\"_blank\" rel=\"noopener noreferrer\">2003<\/a>,<a href=\"https:\/\/choeur2limours.com\/index.php\/liste-des-concerts\/#2018-1\" target=\"_blank\" rel=\"noopener noreferrer\">2018<\/a>]<br \/>\nMesse du Couronnement KV 317,  [<a href=\"https:\/\/choeur2limours.com\/index.php\/liste-des-concerts\/#2005-1\" target=\"_blank\" rel=\"noopener noreferrer\">2005<\/a>,<a href=\"https:\/\/choeur2limours.com\/index.php\/liste-des-concerts\/#2025-1\" target=\"_blank\" rel=\"noopener noreferrer\">2025<\/a>]<br \/>\nTe Deum KV 141,  [<a href=\"https:\/\/choeur2limours.com\/index.php\/liste-des-concerts\/#2025-1\" target=\"_blank\" rel=\"noopener noreferrer\">2025<\/a>]<br \/>\nInter natos mulierum KV 72,  [<a href=\"https:\/\/choeur2limours.com\/index.php\/liste-des-concerts\/#2025-1\" target=\"_blank\" rel=\"noopener noreferrer\">2025<\/a>]<br \/>\nMisercordias Domini KV 222,  [<a href=\"https:\/\/choeur2limours.com\/index.php\/liste-des-concerts\/#2025-1\" target=\"_blank\" rel=\"noopener noreferrer\">2025<\/a>]<br \/>\nLaudate Dominum KV 339,  [<a href=\"https:\/\/choeur2limours.com\/index.php\/liste-des-concerts\/#2025-1\" target=\"_blank\" rel=\"noopener noreferrer\">2025<\/a>]<\/td>\n<\/tr>\n<tr class=\"row-14\">\n\t<td class=\"column-1\">Ludwig van BEETHOVEN<\/td><td class=\"column-2\">1770 - 1827<\/td><td class=\"column-3\">Classique<\/td><td class=\"column-4\">IX\u00e8me symphonie,  [<a href=\"https:\/\/choeur2limours.com\/index.php\/liste-des-concerts\/#2005-2\" target=\"_blank\" rel=\"noopener noreferrer\">2005<\/a>]<br \/>\nMesse en ut majeur opus 86,  [<a href=\"https:\/\/choeur2limours.com\/index.php\/liste-des-concerts\/#2016\" target=\"_blank\" rel=\"noopener noreferrer\">2016<\/a>]<br \/>\nK\u00f6nig Stephan, op. 117,  [<a href=\"https:\/\/choeur2limours.com\/index.php\/liste-des-concerts\/#2016\" target=\"_blank\" rel=\"noopener noreferrer\">2016<\/a>]<\/td>\n<\/tr>\n<tr class=\"row-15\">\n\t<td class=\"column-1\">Gioacchino ROSSINI<\/td><td class=\"column-2\">1792 - 1868<\/td><td class=\"column-3\">Classique<\/td><td class=\"column-4\">Petite messe solennelle,  [<a href=\"https:\/\/choeur2limours.com\/index.php\/liste-des-concerts\/#1999-2\" target=\"_blank\" rel=\"noopener noreferrer\">1999<\/a>,<a href=\"https:\/\/choeur2limours.com\/index.php\/liste-des-concerts\/#2024-2\" target=\"_blank\" rel=\"noopener noreferrer\">2024<\/a>]<br \/>\nStabat Mater,  [<a href=\"https:\/\/choeur2limours.com\/index.php\/liste-des-concerts\/#2005-1\" target=\"_blank\" rel=\"noopener noreferrer\">2005<\/a>]<\/td>\n<\/tr>\n<tr class=\"row-16\">\n\t<td class=\"column-1\">Franz SCHUBERT<\/td><td class=\"column-2\">1797 - 1828<\/td><td class=\"column-3\">Romantique<\/td><td class=\"column-4\">Messe en sol majeur D.167,  [<a href=\"https:\/\/choeur2limours.com\/index.php\/liste-des-concerts\/#1998-1\" target=\"_blank\" rel=\"noopener noreferrer\">1998<\/a>,<a href=\"https:\/\/choeur2limours.com\/index.php\/liste-des-concerts\/#1999-1\" target=\"_blank\" rel=\"noopener noreferrer\">1999<\/a>]<br \/>\nMesse en la b\u00e9mol majeur,  [<a href=\"https:\/\/choeur2limours.com\/index.php\/liste-des-concerts\/#2004\" target=\"_blank\" rel=\"noopener noreferrer\">2004<\/a>]<\/td>\n<\/tr>\n<tr class=\"row-17\">\n\t<td class=\"column-1\">Hector BERLIOZ<\/td><td class=\"column-2\">1803 - 1869<\/td><td class=\"column-3\">Romantique<\/td><td class=\"column-4\">Messe solennelle,  [<a href=\"https:\/\/choeur2limours.com\/index.php\/liste-des-concerts\/#2013\" target=\"_blank\" rel=\"noopener noreferrer\">2013<\/a>]<\/td>\n<\/tr>\n<tr class=\"row-18\">\n\t<td class=\"column-1\">Felix MENDELSSOHN<\/td><td class=\"column-2\">1809 - 1847<\/td><td class=\"column-3\">Romantique<\/td><td class=\"column-4\">Psaume 115,  [<a href=\"https:\/\/choeur2limours.com\/index.php\/liste-des-concerts\/#1988-1\" target=\"_blank\" rel=\"noopener noreferrer\">1988<\/a>,<a href=\"https:\/\/choeur2limours.com\/index.php\/liste-des-concerts\/#2007-1\" target=\"_blank\" rel=\"noopener noreferrer\">2007<\/a>]<br \/>\nMotets a cappella,  [<a href=\"https:\/\/choeur2limours.com\/index.php\/liste-des-concerts\/#1988-1\" target=\"_blank\" rel=\"noopener noreferrer\">1988<\/a>]<br \/>\nPsaume 42, [<a href=\"https:\/\/choeur2limours.com\/index.php\/liste-des-concerts\/#2007-1\" target=\"_blank\" rel=\"noopener noreferrer\">2007<\/a>]<br \/>\nTrois motets op. 69,  [<a href=\"https:\/\/choeur2limours.com\/index.php\/liste-des-concerts\/#1990\" target=\"_blank\" rel=\"noopener noreferrer\">1990<\/a>]<br \/>\nElias (Eljah, \u00c9lie) op. 70,  [<a href=\"https:\/\/choeur2limours.com\/index.php\/liste-des-concerts\/#2010\" target=\"_blank\" rel=\"noopener noreferrer\">2010<\/a>]<\/td>\n<\/tr>\n<tr class=\"row-19\">\n\t<td class=\"column-1\">Giuseppe VERDI<\/td><td class=\"column-2\">1813 - 1901<\/td><td class=\"column-3\">Romantique<\/td><td class=\"column-4\">Requiem,  [<a href=\"https:\/\/choeur2limours.com\/index.php\/liste-des-concerts\/#2001\" target=\"_blank\" rel=\"noopener noreferrer\">2001<\/a>,<a href=\"https:\/\/choeur2limours.com\/index.php\/liste-des-concerts\/#2002-3\" target=\"_blank\" rel=\"noopener noreferrer\">2002<\/a> ]<br \/>\nStabat Mater,  [<a href=\"https:\/\/choeur2limours.com\/index.php\/liste-des-concerts\/#1988-2\" target=\"_blank\" rel=\"noopener noreferrer\">1988<\/a>]<\/td>\n<\/tr>\n<tr class=\"row-20\">\n\t<td class=\"column-1\">C\u00e9sar FRANCK<\/td><td class=\"column-2\">1822 - 1890<\/td><td class=\"column-3\">Romantique<\/td><td class=\"column-4\">Les sept paroles du Christ en croix, [<a href=\"https:\/\/choeur2limours.com\/index.php\/liste-des-concerts\/#1998-1\" target=\"_blank\" rel=\"noopener noreferrer\">1998<\/a>,<a href=\"https:\/\/choeur2limours.com\/index.php\/liste-des-concerts\/#2014\" target=\"_blank\" rel=\"noopener noreferrer\">2014<\/a>]<\/td>\n<\/tr>\n<tr class=\"row-21\">\n\t<td class=\"column-1\">Josef Anton BRUCKNER<\/td><td class=\"column-2\">1824 - 1896<\/td><td class=\"column-3\">Romantique<\/td><td class=\"column-4\">Te Deum,  [<a href=\"https:\/\/choeur2limours.com\/index.php\/liste-des-concerts\/#1993-2\" target=\"_blank\" rel=\"noopener noreferrer\">1993<\/a>]<br \/>\nAve Maria,Locus iste,  [<a href=\"https:\/\/choeur2limours.com\/index.php\/liste-des-concerts\/#2014\" target=\"_blank\" rel=\"noopener noreferrer\">2014<\/a>]<\/td>\n<\/tr>\n<tr class=\"row-22\">\n\t<td class=\"column-1\">Johannes BRAHMS<\/td><td class=\"column-2\">1833 - 1897<\/td><td class=\"column-3\">Romantique<\/td><td class=\"column-4\">Ein deutsches Requiem op. 45,  [<a href=\"https:\/\/choeur2limours.com\/index.php\/liste-des-concerts\/#1997\" target=\"_blank\" rel=\"noopener noreferrer\">1997<\/a>,<a href=\"https:\/\/choeur2limours.com\/index.php\/liste-des-concerts\/#2009-1\" target=\"_blank\" rel=\"noopener noreferrer\">2009<\/a>]<br \/>\nChant fun\u00e8bre, [<a href=\"https:\/\/choeur2limours.com\/index.php\/liste-des-concerts\/#1988-1\" target=\"_blank\" rel=\"noopener noreferrer\">1988<\/a>]<br \/>\nLieder,  [<a href=\"https:\/\/choeur2limours.com\/index.php\/liste-des-concerts\/#1988-1\" target=\"_blank\" rel=\"noopener noreferrer\">1988<\/a>]<br \/>\nRhapsodie f\u00fcr Alt, M\u00e4nnerchor und Orchester op. 53,  [<a href=\"https:\/\/choeur2limours.com\/index.php\/liste-des-concerts\/#2009-1\" target=\"_blank\" rel=\"noopener noreferrer\">2009<\/a>]<br \/>\n4 Ges\u00e4nge f\u00fcr Frauenchor, 2 H\u00f6rner und Harfe op. 17 ,  [<a href=\"https:\/\/choeur2limours.com\/index.php\/liste-des-concerts\/#1991\" target=\"_blank\" rel=\"noopener noreferrer\">1991<\/a>,<a href=\"https:\/\/choeur2limours.com\/index.php\/liste-des-concerts\/#2009-1\" target=\"_blank\" rel=\"noopener noreferrer\">2009<\/a>]<br \/>\nSieben Marien Lieder op. 22,  [<a href=\"https:\/\/choeur2limours.com\/index.php\/liste-des-concerts\/#1991\" target=\"_blank\" rel=\"noopener noreferrer\">1991<\/a>]<br \/>\nGeistliches Lied op. 30,  [<a href=\"https:\/\/choeur2limours.com\/index.php\/liste-des-concerts\/#1991\" target=\"_blank\" rel=\"noopener noreferrer\">1991<\/a>]<\/td>\n<\/tr>\n<tr class=\"row-23\">\n\t<td class=\"column-1\">Alexandre BORODINE<\/td><td class=\"column-2\">1833 - 1887<\/td><td class=\"column-3\">Romantique<\/td><td class=\"column-4\">Danses polovtsiennes avec ch\u00c5\u201cur,  [<a href=\"https:\/\/choeur2limours.com\/index.php\/liste-des-concerts\/#2012-2\" target=\"_blank\" rel=\"noopener noreferrer\">2012<\/a>]<\/td>\n<\/tr>\n<tr class=\"row-24\">\n\t<td class=\"column-1\">Camille SAINT-SA\u00cbNS<\/td><td class=\"column-2\">1835 - 1921<\/td><td class=\"column-3\">Romantique<\/td><td class=\"column-4\">Messe solennelle opus 4,  [<a href=\"https:\/\/choeur2limours.com\/index.php\/liste-des-concerts\/#1996-2\" target=\"_blank\" rel=\"noopener noreferrer\">1996<\/a>]<\/td>\n<\/tr>\n<tr class=\"row-25\">\n\t<td class=\"column-1\">Josef RHEINBERGER<\/td><td class=\"column-2\">1839 - 1901<\/td><td class=\"column-3\">Romantique<\/td><td class=\"column-4\">Abendlied, [<a href=\"https:\/\/choeur2limours.com\/index.php\/liste-des-concerts\/#2014\" target=\"_blank\" rel=\"noopener noreferrer\">2014<\/a>]<br \/>\nStabat Mater Opus 138, [<a href=\"https:\/\/choeur2limours.com\/index.php\/liste-des-concerts\/#2026-1\" target=\"_blank\" rel=\"noopener noreferrer\">2026<\/a>]<\/td>\n<\/tr>\n<tr class=\"row-26\">\n\t<td class=\"column-1\">Anton\u00edn DVO\u0158\u00c1\u0081K<\/td><td class=\"column-2\">1841 - 1904<\/td><td class=\"column-3\">Romantique<\/td><td class=\"column-4\">Stabat Mater opus 58,  [<a href=\"https:\/\/choeur2limours.com\/index.php\/liste-des-concerts\/#2006-1\" target=\"_blank\" rel=\"noopener noreferrer\">2006<\/a>]<\/td>\n<\/tr>\n<tr class=\"row-27\">\n\t<td class=\"column-1\">Gabriel FAUR\u00c9<\/td><td class=\"column-2\">1845 - 1924<\/td><td class=\"column-3\">Romantique<\/td><td class=\"column-4\">Requiem Op. 48,  [<a href=\"https:\/\/choeur2limours.com\/index.php\/liste-des-concerts\/#1984\" target=\"_blank\" rel=\"noopener noreferrer\">1984<\/a>,<a href=\"https:\/\/choeur2limours.com\/index.php\/liste-des-concerts\/#1990\" target=\"_blank\" rel=\"noopener noreferrer\">1990<\/a>,<a href=\"https:\/\/choeur2limours.com\/index.php\/liste-des-concerts\/#2026-1\" target=\"_blank\" rel=\"noopener noreferrer\">2026<\/a>]<br \/>\nCantique de Jean Racine,  [<a href=\"https:\/\/choeur2limours.com\/index.php\/liste-des-concerts\/#1984\" target=\"_blank\" rel=\"noopener noreferrer\">1984<\/a>,<a href=\"https:\/\/choeur2limours.com\/index.php\/liste-des-concerts\/#2026-1\" target=\"_blank\" rel=\"noopener noreferrer\">2026<\/a>]<\/td>\n<\/tr>\n<tr class=\"row-28\">\n\t<td class=\"column-1\">Giacomo PUCCINI<\/td><td class=\"column-2\">1858 - 1924<\/td><td class=\"column-3\">Romantique<\/td><td class=\"column-4\">Messa di Gloria,  [<a href=\"https:\/\/choeur2limours.com\/index.php\/liste-des-concerts\/#1986\" target=\"_blank\" rel=\"noopener noreferrer\">1986<\/a>,<a href=\"https:\/\/choeur2limours.com\/index.php\/liste-des-concerts\/#2007-2\" target=\"_blank\" rel=\"noopener noreferrer\">2007<\/a>]<\/td>\n<\/tr>\n<tr class=\"row-29\">\n\t<td class=\"column-1\">Igor STRAVINSKI<\/td><td class=\"column-2\">1882 - 1971<\/td><td class=\"column-3\">Moderne<\/td><td class=\"column-4\">Symphonie de Psaumes,  [<a href=\"https:\/\/choeur2limours.com\/index.php\/liste-des-concerts\/#1993-1\" target=\"_blank\" rel=\"noopener noreferrer\">1993<\/a>]<\/td>\n<\/tr>\n<tr class=\"row-30\">\n\t<td class=\"column-1\">Fran\u00e7ois de BRETEUIL<\/td><td class=\"column-2\">1892 - 1972<\/td><td class=\"column-3\">Moderne<\/td><td class=\"column-4\">Pour le Sacre d\u2019un Roi et Trois pi\u00e8ces pour piano,  [<a href=\"https:\/\/choeur2limours.com\/index.php\/liste-des-concerts\/#2024-1\" target=\"_blank\" rel=\"noopener noreferrer\">2024<\/a>]<\/td>\n<\/tr>\n<tr class=\"row-31\">\n\t<td class=\"column-1\">Carl ORFF<\/td><td class=\"column-2\">1895 - 1982<\/td><td class=\"column-3\">Moderne<\/td><td class=\"column-4\">Carmina Burana (extraits),  [<a href=\"https:\/\/choeur2limours.com\/index.php\/liste-des-concerts\/#2009-2\" target=\"_blank\" rel=\"noopener noreferrer\">2009<\/a>]<br \/>\nCarmina Burana ,  [<a href=\"https:\/\/choeur2limours.com\/index.php\/liste-des-concerts\/#2019-1\" target=\"_blank\" rel=\"noopener noreferrer\">2019<\/a>]<\/td>\n<\/tr>\n<tr class=\"row-32\">\n\t<td class=\"column-1\">Francis POULENC<\/td><td class=\"column-2\">1899 - 1963<\/td><td class=\"column-3\">Moderne<\/td><td class=\"column-4\">Motets pour un temps de p\u00e9nitence, [<a href=\"https:\/\/choeur2limours.com\/index.php\/liste-des-concerts\/#1992\" target=\"_blank\" rel=\"noopener noreferrer\">1992<\/a>]<br \/>\nMotets pour un temps de No\u00ebl,  [<a href=\"https:\/\/choeur2limours.com\/index.php\/liste-des-concerts\/#1995\" target=\"_blank\" rel=\"noopener noreferrer\">1995<\/a>]<br \/>\nSalve Regina, [<a href=\"https:\/\/choeur2limours.com\/index.php\/liste-des-concerts\/#1983\" target=\"_blank\" rel=\"noopener noreferrer\">1983<\/a>,<a href=\"https:\/\/choeur2limours.com\/index.php\/liste-des-concerts\/#1995\" target=\"_blank\" rel=\"noopener noreferrer\">1995<\/a>]<br \/>\nGloria,  [<a href=\"https:\/\/choeur2limours.com\/index.php\/liste-des-concerts\/#2014\" target=\"_blank\" rel=\"noopener noreferrer\">2014<\/a>]<\/td>\n<\/tr>\n<tr class=\"row-33\">\n\t<td class=\"column-1\">Maurice DURUFL\u00c9<\/td><td class=\"column-2\">1902 - 1986<\/td><td class=\"column-3\">Contemporaine<\/td><td class=\"column-4\">Requiem op. 9,  [<a href=\"https:\/\/choeur2limours.com\/index.php\/liste-des-concerts\/#1992\" target=\"_blank\" rel=\"noopener noreferrer\">1992<\/a>,<a href=\"https:\/\/choeur2limours.com\/index.php\/liste-des-concerts\/#2015\" target=\"_blank\" rel=\"noopener noreferrer\">2015<\/a>]<\/td>\n<\/tr>\n<tr class=\"row-34\">\n\t<td class=\"column-1\">Ariel RAMIREZ<\/td><td class=\"column-2\">1921 - 2010<\/td><td class=\"column-3\">Contemporaine<\/td><td class=\"column-4\">Misa Criolla,  [<a href=\"https:\/\/choeur2limours.com\/index.php\/liste-des-concerts\/#1995\" target=\"_blank\" rel=\"noopener noreferrer\">1995<\/a>]<\/td>\n<\/tr>\n<tr class=\"row-35\">\n\t<td class=\"column-1\">Mart\u00edn PALMERI<\/td><td class=\"column-2\">1965<\/td><td class=\"column-3\">Contemporaine<\/td><td class=\"column-4\">MISATANGO,  [<a href=\"https:\/\/choeur2limours.com\/index.php\/liste-des-concerts\/#2020-1\" target=\"_blank\" rel=\"noopener noreferrer\">2021<\/a>]<\/td>\n<\/tr>\n<\/tbody>\n<\/table>\n<!-- #tablepress-21 from cache -->\n","protected":false},"excerpt":{"rendered":"<p>Catalogue des \u0153uvres au r\u00e9pertoire Les compositeurs sont class\u00e9s par ordre chronologique de date de naissance. Les dates mentionn\u00e9es entre crochets [2000], sont celles o\u00f9 ces \u0153uvres ont \u00e9t\u00e9 mises au programme. Le lien sur la date vous dirige vers la page du concert.<\/p>\n","protected":false},"author":68,"featured_media":0,"parent":0,"menu_order":0,"comment_status":"closed","ping_status":"closed","template":"","meta":{"footnotes":""},"categories":[],"tags":[],"class_list":["post-2257","page","type-page","status-publish","hentry"],"_links":{"self":[{"href":"https:\/\/choeur2limours.com\/index.php\/wp-json\/wp\/v2\/pages\/2257","targetHints":{"allow":["GET"]}}],"collection":[{"href":"https:\/\/choeur2limours.com\/index.php\/wp-json\/wp\/v2\/pages"}],"about":[{"href":"https:\/\/choeur2limours.com\/index.php\/wp-json\/wp\/v2\/types\/page"}],"author":[{"embeddable":true,"href":"https:\/\/choeur2limours.com\/index.php\/wp-json\/wp\/v2\/users\/68"}],"replies":[{"embeddable":true,"href":"https:\/\/choeur2limours.com\/index.php\/wp-json\/wp\/v2\/comments?post=2257"}],"version-history":[{"count":9,"href":"https:\/\/choeur2limours.com\/index.php\/wp-json\/wp\/v2\/pages\/2257\/revisions"}],"predecessor-version":[{"id":6954,"href":"https:\/\/choeur2limours.com\/index.php\/wp-json\/wp\/v2\/pages\/2257\/revisions\/6954"}],"wp:attachment":[{"href":"https:\/\/choeur2limours.com\/index.php\/wp-json\/wp\/v2\/media?parent=2257"}],"wp:term":[{"taxonomy":"category","embeddable":true,"href":"https:\/\/choeur2limours.com\/index.php\/wp-json\/wp\/v2\/categories?post=2257"},{"taxonomy":"post_tag","embeddable":true,"href":"https:\/\/choeur2limours.com\/index.php\/wp-json\/wp\/v2\/tags?post=2257"}],"curies":[{"name":"wp","href":"https:\/\/api.w.org\/{rel}","templated":true}]}}