{"id":139,"date":"2017-11-21T16:28:29","date_gmt":"2017-11-21T15:28:29","guid":{"rendered":"https:\/\/choeur2limours.com\/?page_id=139"},"modified":"2024-06-04T17:20:46","modified_gmt":"2024-06-04T15:20:46","slug":"nos-repetitions","status":"publish","type":"page","link":"https:\/\/choeur2limours.com\/index.php\/nos-repetitions\/","title":{"rendered":"Nos r\u00e9p\u00e9titions"},"content":{"rendered":"\n<h2 class=\"wp-block-heading\">&nbsp;<\/h2>\n\n\n\n<h2 class=\"wp-block-heading\">Calendrier<\/h2>\n\n\n\n<table id=\"tablepress-82\" class=\"tablepress tablepress-id-82\">\n<thead>\n<tr class=\"row-1\">\n\t<th class=\"column-1\">Jour<\/th><th class=\"column-2\">Date<\/th><th class=\"column-3\">Heure<\/th><th class=\"column-4\">Qui<\/th><th class=\"column-5\">Lieu<\/th><th class=\"column-6\">Commentaires<\/th>\n<\/tr>\n<\/thead>\n<tbody class=\"row-striping row-hover\">\n<tr class=\"row-2\">\n\t<td class=\"column-1\">Mardi<\/td><td class=\"column-2\">16\/09\/2025<\/td><td class=\"column-3\">20h00 - 22h00<\/td><td class=\"column-4\">Tutti<\/td><td class=\"column-5\">La Grange<\/td><td class=\"column-6\">Offertoire pages 21 \u00e0 24<\/td>\n<\/tr>\n<tr class=\"row-3\">\n\t<td class=\"column-1\">Mardi<\/td><td class=\"column-2\">23\/09\/2025<\/td><td class=\"column-3\">20h00 - 22h00<\/td><td class=\"column-4\">Tutti<\/td><td class=\"column-5\">La Grange<\/td><td class=\"column-6\">Offertoire pages 13 \u00e0 17 et r\u00e9vision<\/td>\n<\/tr>\n<tr class=\"row-4\">\n\t<td class=\"column-1\">Mardi<\/td><td class=\"column-2\">30\/09\/2025<\/td><td class=\"column-3\">20h00 - 22h00<\/td><td class=\"column-4\">Tutti<\/td><td class=\"column-5\">La Grange<\/td><td class=\"column-6\">Libera me pages 53 \u00e0 58<\/td>\n<\/tr>\n<tr class=\"row-5\">\n\t<td class=\"column-1\">Mardi<\/td><td class=\"column-2\">07\/10\/2025<\/td><td class=\"column-3\">20h00 - 22h00<\/td><td class=\"column-4\">Tutti<\/td><td class=\"column-5\">La Grange<\/td><td class=\"column-6\">Libera me pages 58 \u00e0 fin<\/td>\n<\/tr>\n<tr class=\"row-6\">\n\t<td class=\"column-1\">Mardi<\/td><td class=\"column-2\">14\/10\/2025<\/td><td class=\"column-3\">20h00 - 22h00<\/td><td class=\"column-4\">Tutti<\/td><td class=\"column-5\">La Grange<\/td><td class=\"column-6\">In paradisium<\/td>\n<\/tr>\n<tr class=\"row-7\">\n\t<td class=\"column-1\"><p1>Dimanche<\/p1><\/td><td class=\"column-2\">19\/10\/2025<\/td><td class=\"column-3\">10h30 - 13h00<\/td><td class=\"column-4\">Tutti<\/td><td class=\"column-5\">La Grange<\/td><td class=\"column-6\">R\u00e9vision Offertoire, Libera me et In paradisium<\/td>\n<\/tr>\n<tr class=\"row-8\">\n\t<td class=\"column-1\">Lundi<\/td><td class=\"column-2\">03\/11\/2025<\/td><td class=\"column-3\"><\/td><td class=\"column-4\"><\/td><td class=\"column-5\"><\/td><td class=\"column-6\">Fin Vacances Scolaires<\/td>\n<\/tr>\n<tr class=\"row-9\">\n\t<td class=\"column-1\">Mardi<\/td><td class=\"column-2\">04\/11\/2025<\/td><td class=\"column-3\">20h00 - 22h00<\/td><td class=\"column-4\">Tutti et Sylvie<\/td><td class=\"column-5\">La Grange<\/td><td class=\"column-6\">r\u00e9vision offertoire et Libera me<\/td>\n<\/tr>\n<tr class=\"row-10\">\n\t<td class=\"column-1\"><p1>Dimanche<\/p1><\/td><td class=\"column-2\">09\/11\/2025<\/td><td class=\"column-3\">10h30 - 12h30<\/td><td class=\"column-4\">Soprano et Alto<\/td><td class=\"column-5\">La Grange<\/td><td class=\"column-6\">Agnus Dei pages 38 a 43<\/td>\n<\/tr>\n<tr class=\"row-11\">\n\t<td class=\"column-1\"><p1>Dimanche<\/p1><\/td><td class=\"column-2\">09\/11\/2025<\/td><td class=\"column-3\">14h00 - 16h00<\/td><td class=\"column-4\">T\u00e9nors et Basses<\/td><td class=\"column-5\">La Grange<\/td><td class=\"column-6\">Agnus Dei pages 38 a 43<\/td>\n<\/tr>\n<tr class=\"row-12\">\n\t<td class=\"column-1\">Mardi<\/td><td class=\"column-2\">18\/11\/2025<\/td><td class=\"column-3\">20h00 - 22h00<\/td><td class=\"column-4\">Tutti et Sylvie<\/td><td class=\"column-5\">La Grange<\/td><td class=\"column-6\">\t<br \/>\nAgnus Dei pages 43 \u00e0 47<\/td>\n<\/tr>\n<tr class=\"row-13\">\n\t<td class=\"column-1\">Mardi<\/td><td class=\"column-2\">25\/11\/2025<\/td><td class=\"column-3\">20h00 - 22h00<\/td><td class=\"column-4\">Tutti et Sylvie<\/td><td class=\"column-5\">La Grange<\/td><td class=\"column-6\">Agnus Dei pages 48 et 49 et r\u00e9vision<\/td>\n<\/tr>\n<tr class=\"row-14\">\n\t<td class=\"column-1\"><p1>Dimanche<\/p1><\/td><td class=\"column-2\">30\/11\/2025<\/td><td class=\"column-3\">10h30 - 13h00<\/td><td class=\"column-4\">Tutti et Chorale du Lundi<\/td><td class=\"column-5\">La Grange<\/td><td class=\"column-6\">R\u00e9vision et Kyrie<\/td>\n<\/tr>\n<tr class=\"row-15\">\n\t<td class=\"column-1\"><p1>Dimanche<\/p1><\/td><td class=\"column-2\">30\/11\/2025<\/td><td class=\"column-3\">14h00 - 16h00 \u00e0 confirmer<\/td><td class=\"column-4\">Tutti et Chorale du Lundi<\/td><td class=\"column-5\">La Grange<\/td><td class=\"column-6\">Kyrie<\/td>\n<\/tr>\n<tr class=\"row-16\">\n\t<td class=\"column-1\">Mardi<\/td><td class=\"column-2\">02\/12\/2026<\/td><td class=\"column-3\">20h00 - 22h00<\/td><td class=\"column-4\">Tutti et Sylvie<\/td><td class=\"column-5\">\u00c9cole \u00c9douard Herriot<\/td><td class=\"column-6\">Chants de no\u00ebl et Assembl\u00e9e G\u00e9n\u00e9rale<\/td>\n<\/tr>\n<tr class=\"row-17\">\n\t<td class=\"column-1\">Mardi<\/td><td class=\"column-2\">09\/12\/2025<\/td><td class=\"column-3\">20h00 - 21h00<\/td><td class=\"column-4\">Tutti<\/td><td class=\"column-5\">La Grange<\/td><td class=\"column-6\">Chants de no\u00ebl<\/td>\n<\/tr>\n<tr class=\"row-18\">\n\t<td class=\"column-1\">Mardi<\/td><td class=\"column-2\">09\/12\/2025<\/td><td class=\"column-3\">21h00 - 22h00<\/td><td class=\"column-4\">Tutti<\/td><td class=\"column-5\">La Grange<\/td><td class=\"column-6\">Sanctus<\/td>\n<\/tr>\n<tr class=\"row-19\">\n\t<td class=\"column-1\">Samedi<\/td><td class=\"column-2\">13\/12\/2025<\/td><td class=\"column-3\">20h00 - 22h00<\/td><td class=\"column-4\">Tutti<\/td><td class=\"column-5\">\u00c9glise de Limours<\/td><td class=\"column-6\">Mise en voix Chants de no\u00ebl<\/td>\n<\/tr>\n<tr class=\"row-20\">\n\t<td class=\"column-1\">Samedi<\/td><td class=\"column-2\">13\/12\/2025<\/td><td class=\"column-3\">15h00 - 16h00<\/td><td class=\"column-4\">Tutti<\/td><td class=\"column-5\">Place de la mairie devant la demie lune<\/td><td class=\"column-6\">Chants de no\u00ebl<\/td>\n<\/tr>\n<tr class=\"row-21\">\n\t<td class=\"column-1\">Mardi<\/td><td class=\"column-2\">16\/12\/2025<\/td><td class=\"column-3\">16h00 - 16h25<\/td><td class=\"column-4\">Tutti<\/td><td class=\"column-5\">La Grange<\/td><td class=\"column-6\">R\u00e9vision Agnus Dei et Sanctus<\/td>\n<\/tr>\n<tr class=\"row-22\">\n\t<td class=\"column-1\">Lundi<\/td><td class=\"column-2\">05\/01\/2026<\/td><td class=\"column-3\"><\/td><td class=\"column-4\"><\/td><td class=\"column-5\"><\/td><td class=\"column-6\">Fin Vacances Scolaires<\/td>\n<\/tr>\n<tr class=\"row-23\">\n\t<td class=\"column-1\">Mardi<\/td><td class=\"column-2\">06\/01\/2026<\/td><td class=\"column-3\">20h00 - 22h00<\/td><td class=\"column-4\">Tutti<\/td><td class=\"column-5\">La Grange<\/td><td class=\"column-6\">R\u00e9vision FAUR\u00c9 et RHEINBERGER<\/td>\n<\/tr>\n<tr class=\"row-24\">\n\t<td class=\"column-1\"><p1>Dimanche<\/p1><\/td><td class=\"column-2\">11\/01\/2026<\/td><td class=\"column-3\">10h30 - 12h30<\/td><td class=\"column-4\">T\u00e9nors et Basses<\/td><td class=\"column-5\">La Grange<\/td><td class=\"column-6\">R\u00e9vision FAUR\u00c9 et RHEINBERGER<\/td>\n<\/tr>\n<tr class=\"row-25\">\n\t<td class=\"column-1\"><p1>Dimanche<\/p1><\/td><td class=\"column-2\">11\/01\/2026<\/td><td class=\"column-3\">14h00 - 16h00<\/td><td class=\"column-4\">Soprano et Alto<\/td><td class=\"column-5\">La Grange<\/td><td class=\"column-6\">R\u00e9vision FAUR\u00c9 et RHEINBERGER<\/td>\n<\/tr>\n<tr class=\"row-26\">\n\t<td class=\"column-1\">Mardi<\/td><td class=\"column-2\">13\/01\/2026<\/td><td class=\"column-3\">20h00 - 22h00<\/td><td class=\"column-4\">Tutti<\/td><td class=\"column-5\">La Grange<\/td><td class=\"column-6\">R\u00e9vision FAUR\u00c9 et RHEINBERGER<\/td>\n<\/tr>\n<tr class=\"row-27\">\n\t<td class=\"column-1\">Mardi<\/td><td class=\"column-2\">20\/01\/2026<\/td><td class=\"column-3\">20h00 - 22h00<\/td><td class=\"column-4\">Tutti<\/td><td class=\"column-5\">La Grange<\/td><td class=\"column-6\">R\u00e9vision FAUR\u00c9 et RHEINBERGER<\/td>\n<\/tr>\n<tr class=\"row-28\">\n\t<td class=\"column-1\">Mardi<\/td><td class=\"column-2\">27\/01\/2026<\/td><td class=\"column-3\">20h00 - 22h00<\/td><td class=\"column-4\">Tutti<\/td><td class=\"column-5\">La Grange<\/td><td class=\"column-6\">R\u00e9vision FAUR\u00c9 et RHEINBERGER<\/td>\n<\/tr>\n<tr class=\"row-29\">\n\t<td class=\"column-1\"><p1>Dimanche<\/p1><\/td><td class=\"column-2\">01\/02\/2026<\/td><td class=\"column-3\"><p5>10h00 - 12h00<\/p5><\/td><td class=\"column-4\">T\u00e9nors et Basses<\/td><td class=\"column-5\">La Grange<\/td><td class=\"column-6\">R\u00e9vision FAUR\u00c9 et RHEINBERGER<\/td>\n<\/tr>\n<tr class=\"row-30\">\n\t<td class=\"column-1\"><p1>Dimanche<\/p1><\/td><td class=\"column-2\">01\/02\/2026<\/td><td class=\"column-3\"><p5>13h00 - 15h00<\/p5><\/td><td class=\"column-4\">Soprano et Alto<\/td><td class=\"column-5\">La Grange<\/td><td class=\"column-6\">R\u00e9vision FAUR\u00c9 et RHEINBERGER<\/td>\n<\/tr>\n<tr class=\"row-31\">\n\t<td class=\"column-1\">Mardi<\/td><td class=\"column-2\">03\/02\/2026<\/td><td class=\"column-3\">20h00 - 22h00<\/td><td class=\"column-4\">Tutti<\/td><td class=\"column-5\">La Grange<\/td><td class=\"column-6\">R\u00e9vision FAUR\u00c9 et RHEINBERGER<\/td>\n<\/tr>\n<tr class=\"row-32\">\n\t<td class=\"column-1\">Mardi<\/td><td class=\"column-2\">10\/02\/2026<\/td><td class=\"column-3\">20h00 - 22h00<\/td><td class=\"column-4\">Tutti<\/td><td class=\"column-5\">La Grange<\/td><td class=\"column-6\">R\u00e9vision FAUR\u00c9 et RHEINBERGER<\/td>\n<\/tr>\n<tr class=\"row-33\">\n\t<td class=\"column-1\">Mardi<\/td><td class=\"column-2\">17\/02\/2026<\/td><td class=\"column-3\">20h00 - 22h00<\/td><td class=\"column-4\">Tutti<\/td><td class=\"column-5\">La Grange<\/td><td class=\"column-6\">R\u00e9vision FAUR\u00c9 et RHEINBERGER<\/td>\n<\/tr>\n<tr class=\"row-34\">\n\t<td class=\"column-1\">Samedi<\/td><td class=\"column-2\">21\/02\/2026<\/td><td class=\"column-3\"><\/td><td class=\"column-4\"><\/td><td class=\"column-5\"><\/td><td class=\"column-6\">D\u00e9but Vacances Scolaires<\/td>\n<\/tr>\n<tr class=\"row-35\">\n\t<td class=\"column-1\">Lundi<\/td><td class=\"column-2\">09\/03\/2026<\/td><td class=\"column-3\"><\/td><td class=\"column-4\"><\/td><td class=\"column-5\"><\/td><td class=\"column-6\">Fin Vacances Scolaires<\/td>\n<\/tr>\n<tr class=\"row-36\">\n\t<td class=\"column-1\">Mardi<\/td><td class=\"column-2\">10\/03\/2026<\/td><td class=\"column-3\">20h00 - 22h00<\/td><td class=\"column-4\">Tutti<\/td><td class=\"column-5\">La Grange<\/td><td class=\"column-6\">R\u00e9vision FAUR\u00c9 et RHEINBERGER<\/td>\n<\/tr>\n<tr class=\"row-37\">\n\t<td class=\"column-1\">Mardi<\/td><td class=\"column-2\">17\/03\/2026<\/td><td class=\"column-3\">20h00 - 22h00<\/td><td class=\"column-4\">Tutti<\/td><td class=\"column-5\">La Grange<\/td><td class=\"column-6\">R\u00e9vision FAUR\u00c9 et RHEINBERGER<\/td>\n<\/tr>\n<tr class=\"row-38\">\n\t<td class=\"column-1\"><p1>Dimanche<\/p1><\/td><td class=\"column-2\">22\/03\/2026<\/td><td class=\"column-3\">10h30 - 12h30<\/td><td class=\"column-4\">Soprano et Alto<\/td><td class=\"column-5\">Salle \u00e0 trouver<\/td><td class=\"column-6\"><p5>Annul\u00e9<\/p5><\/td>\n<\/tr>\n<tr class=\"row-39\">\n\t<td class=\"column-1\"><p1>Dimanche<\/p1><\/td><td class=\"column-2\">22\/03\/2026<\/td><td class=\"column-3\">14h00 - 16h00<\/td><td class=\"column-4\">T\u00e9nors et Basses<\/td><td class=\"column-5\">Salle \u00e0 trouver<\/td><td class=\"column-6\"><p5>Annul\u00e9<\/p5><\/td>\n<\/tr>\n<tr class=\"row-40\">\n\t<td class=\"column-1\">Mardi<\/td><td class=\"column-2\">24\/03\/2026<\/td><td class=\"column-3\">20h00 - 22h00<\/td><td class=\"column-4\">Tutti<\/td><td class=\"column-5\">La Grange<\/td><td class=\"column-6\">R\u00e9vision FAUR\u00c9 et RHEINBERGER<\/td>\n<\/tr>\n<tr class=\"row-41\">\n\t<td class=\"column-1\"><p1>Dimanche<\/p1><\/td><td class=\"column-2\">29\/03\/2026<\/td><td class=\"column-3\">10h30 - 12h30<\/td><td class=\"column-4\"><\/td><td class=\"column-5\">M\u00e9li-M\u00e9lo<\/td><td class=\"column-6\"><\/td>\n<\/tr>\n<tr class=\"row-42\">\n\t<td class=\"column-1\">Mardi<\/td><td class=\"column-2\">31\/03\/2026<\/td><td class=\"column-3\">20h00 - 22h00<\/td><td class=\"column-4\">Tutti<\/td><td class=\"column-5\">La Grange<\/td><td class=\"column-6\">R\u00e9vision FAUR\u00c9 et RHEINBERGER<\/td>\n<\/tr>\n<tr class=\"row-43\">\n\t<td class=\"column-1\">Mardi<\/td><td class=\"column-2\">07\/04\/2026<\/td><td class=\"column-3\">20h00 - 22h00<\/td><td class=\"column-4\">Tutti<\/td><td class=\"column-5\">La Grange<\/td><td class=\"column-6\">R\u00e9vision FAUR\u00c9 et RHEINBERGER<\/td>\n<\/tr>\n<tr class=\"row-44\">\n\t<td class=\"column-1\"><p1>Dimanche<\/p1><\/td><td class=\"column-2\">12\/04\/2026<\/td><td class=\"column-3\">11h00 - 13h00<\/td><td class=\"column-4\">Tutti, Chorale du Lundi et Enriqu\u00e9<\/td><td class=\"column-5\">La Grange<\/td><td class=\"column-6\">R\u00e9vision FAUR\u00c9 et RHEINBERGER<\/td>\n<\/tr>\n<tr class=\"row-45\">\n\t<td class=\"column-1\"><p1>Dimanche<\/p1><\/td><td class=\"column-2\">12\/04\/2026<\/td><td class=\"column-3\">14h00 - 16h00<\/td><td class=\"column-4\">Tutti, Chorale du Lundi et Enriqu\u00e9<\/td><td class=\"column-5\">La Grange<\/td><td class=\"column-6\">R\u00e9vision FAUR\u00c9 et RHEINBERGER<\/td>\n<\/tr>\n<tr class=\"row-46\">\n\t<td class=\"column-1\">Mardi<\/td><td class=\"column-2\">14\/04\/2026<\/td><td class=\"column-3\">20h00 - 21h00<\/td><td class=\"column-4\">Tutti<\/td><td class=\"column-5\">La Grange<\/td><td class=\"column-6\">R\u00e9vision FAUR\u00c9 et RHEINBERGER<\/td>\n<\/tr>\n<tr class=\"row-47\">\n\t<td class=\"column-1\">Samedi<\/td><td class=\"column-2\">18\/04\/2026<\/td><td class=\"column-3\"><\/td><td class=\"column-4\"><\/td><td class=\"column-5\"><\/td><td class=\"column-6\">D\u00e9but Vacances Scolaires<\/td>\n<\/tr>\n<tr class=\"row-48\">\n\t<td class=\"column-1\">Lundi<\/td><td class=\"column-2\">04\/05\/2026<\/td><td class=\"column-3\"><\/td><td class=\"column-4\"><\/td><td class=\"column-5\"><\/td><td class=\"column-6\">Fin Vacances Scolaires<\/td>\n<\/tr>\n<tr class=\"row-49\">\n\t<td class=\"column-1\">Mardi<\/td><td class=\"column-2\">05\/05\/2026<\/td><td class=\"column-3\">20h00 - 22h00<\/td><td class=\"column-4\">Tutti<\/td><td class=\"column-5\">La Grange<\/td><td class=\"column-6\">R\u00e9vision FAUR\u00c9 et RHEINBERGER<\/td>\n<\/tr>\n<tr class=\"row-50\">\n\t<td class=\"column-1\">Mardi<\/td><td class=\"column-2\">12\/05\/2026<\/td><td class=\"column-3\">20h00 - 22h00<\/td><td class=\"column-4\">Tutti<\/td><td class=\"column-5\">La Grange<\/td><td class=\"column-6\">R\u00e9vision FAUR\u00c9 et RHEINBERGER<\/td>\n<\/tr>\n<tr class=\"row-51\">\n\t<td class=\"column-1\"><p1>Dimanche<\/p1><\/td><td class=\"column-2\">17\/05\/2026<\/td><td class=\"column-3\">10h30 - 12h30<\/td><td class=\"column-4\">Tutti<\/td><td class=\"column-5\">La Grange<\/td><td class=\"column-6\">R\u00e9vision FAUR\u00c9 et RHEINBERGER<\/td>\n<\/tr>\n<tr class=\"row-52\">\n\t<td class=\"column-1\"><p1>Dimanche<\/p1><\/td><td class=\"column-2\">17\/05\/2026<\/td><td class=\"column-3\">14h00 - 16h00<\/td><td class=\"column-4\">Tutti<\/td><td class=\"column-5\">La Grange<\/td><td class=\"column-6\">R\u00e9vision FAUR\u00c9 et RHEINBERGER<\/td>\n<\/tr>\n<tr class=\"row-53\">\n\t<td class=\"column-1\">Mardi<\/td><td class=\"column-2\">19\/05\/2026<\/td><td class=\"column-3\">20h00 - 22h00<\/td><td class=\"column-4\">Tutti<\/td><td class=\"column-5\">La Grange<\/td><td class=\"column-6\">R\u00e9vision FAUR\u00c9 et RHEINBERGER<\/td>\n<\/tr>\n<tr class=\"row-54\">\n\t<td class=\"column-1\">Mardi<\/td><td class=\"column-2\">26\/05\/2026<\/td><td class=\"column-3\">20h00 - 22h00<\/td><td class=\"column-4\">Tutti<\/td><td class=\"column-5\">La Grange<\/td><td class=\"column-6\">R\u00e9vision FAUR\u00c9 et RHEINBERGER<\/td>\n<\/tr>\n<tr class=\"row-55\">\n\t<td class=\"column-1\">Lundi<\/td><td class=\"column-2\">01\/06\/2026<\/td><td class=\"column-3\">Horaires pr\u00e9cis non d\u00e9finis<\/td><td class=\"column-4\">Tutti et chorale du lundi<\/td><td class=\"column-5\">\u00c0 Paris<\/td><td class=\"column-6\"><p2>Pr\u00e9-G\u00e9n\u00e9rale<\/p2> en soir\u00e9e<\/td>\n<\/tr>\n<tr class=\"row-56\">\n\t<td class=\"column-1\">Mardi<\/td><td class=\"column-2\">02\/06\/2026<\/td><td class=\"column-3\">20h00 - 22h00<\/td><td class=\"column-4\">Tutti<\/td><td class=\"column-5\">La Grange<\/td><td class=\"column-6\"><\/td>\n<\/tr>\n<tr class=\"row-57\">\n\t<td class=\"column-1\">Vendredi<\/td><td class=\"column-2\">05\/06\/2025<\/td><td class=\"column-3\">Horaires pr\u00e9cis non d\u00e9finis<\/td><td class=\"column-4\">Tutti, chorale du lundi et orchestre<\/td><td class=\"column-5\">\u00c0 Limours<\/td><td class=\"column-6\"><p5>G\u00e9n\u00e9rale<\/p5><\/td>\n<\/tr>\n<tr class=\"row-58\">\n\t<td class=\"column-1\">samedi<\/td><td class=\"column-2\">06\/06\/2026<\/td><td class=\"column-3\">Horaires pr\u00e9cis non d\u00e9finis<\/td><td class=\"column-4\">Tutti, chorale du lundi et orchestre<\/td><td class=\"column-5\">\u00c9glise Saint-Pierre de Limours<\/td><td class=\"column-6\"><p3>Concert Faur\u00e9<\/p3><\/td>\n<\/tr>\n<tr class=\"row-59\">\n\t<td class=\"column-1\">Lundi<\/td><td class=\"column-2\">08\/06\/2026<\/td><td class=\"column-3\">Horaires pr\u00e9cis non d\u00e9finis<\/td><td class=\"column-4\">Tutti, chorale du lundi et orchestre<\/td><td class=\"column-5\">\u00c0 Paris<\/td><td class=\"column-6\"><p3>Concert Faur\u00e9<\/p3><\/td>\n<\/tr>\n<tr class=\"row-60\">\n\t<td class=\"column-1\">Mardi<\/td><td class=\"column-2\">09\/06\/2026<\/td><td class=\"column-3\">20h00 - 22h00<\/td><td class=\"column-4\">Tutti<\/td><td class=\"column-5\">La Grange<\/td><td class=\"column-6\"><\/td>\n<\/tr>\n<tr class=\"row-61\">\n\t<td class=\"column-1\">Mardi<\/td><td class=\"column-2\">16\/06\/2026<\/td><td class=\"column-3\">20h00 - 22h00<\/td><td class=\"column-4\">Tutti<\/td><td class=\"column-5\">La Grange<\/td><td class=\"column-6\"><\/td>\n<\/tr>\n<tr class=\"row-62\">\n\t<td class=\"column-1\">Mardi<\/td><td class=\"column-2\">23\/06\/2026<\/td><td class=\"column-3\">20h00 - 22h00<\/td><td class=\"column-4\">Tutti<\/td><td class=\"column-5\">La Grange<\/td><td class=\"column-6\"><\/td>\n<\/tr>\n<tr class=\"row-63\">\n\t<td class=\"column-1\">Mardi<\/td><td class=\"column-2\">30\/06\/2025<\/td><td class=\"column-3\">20h00 - 22h00<\/td><td class=\"column-4\">Tutti<\/td><td class=\"column-5\">La Grange<\/td><td class=\"column-6\"><\/td>\n<\/tr>\n<tr class=\"row-64\">\n\t<td class=\"column-1\">Samedi<\/td><td class=\"column-2\">04\/07\/2026<\/td><td class=\"column-3\"><\/td><td class=\"column-4\"><\/td><td class=\"column-5\"><\/td><td class=\"column-6\">D\u00e9but Vacances Scolaires<\/td>\n<\/tr>\n<\/tbody>\n<\/table>\n<!-- #tablepress-82 from cache -->\n\n\n\n<h2 class=\"wp-block-heading\">Lieux<\/h2>\n\n\n\n<p><strong>Salle La Grange&nbsp;<\/strong> : <a href=\"https:\/\/www.google.fr\/maps\/place\/La+Grange\/@48.6457118,2.0761336,17z\/data=!3m1!4b1!4m5!3m4!1s0x47e42b905ceb12bf:0xbf7e8e175235e60e!8m2!3d48.6457061!4d2.0783158?hl=fr\" target=\"_blank\" rel=\"noreferrer noopener\">Place du Gymnase \u00e0 Limours<\/a><\/p>\n\n\n\n<p><strong>Salle Les Bains-Douches<\/strong> : <a href=\"https:\/\/www.google.fr\/maps\/place\/1+Av.+Roussin,+91470+Limours\/@48.6444921,2.0715851,17z\/data=!3m1!4b1!4m5!3m4!1s0x47e42b37279d35a1:0xa46901c5d8ea57b8!8m2!3d48.6444921!4d2.0737791?hl=fr\">Place du Monument aux morts \u00e0 Limours<\/a><\/p>\n\n\n\n<p><strong>Salle La Sc\u00e8ne<\/strong> :\u00a0 <a href=\"https:\/\/www.bing.com\/maps?q=adresse+salle+la+sc%C3%A8ne+limours&amp;qs=n&amp;form=QBRE&amp;sp=-1&amp;pq=adresse+salle+la+sc%C3%A8ne+limours&amp;sc=1-30&amp;sk=&amp;cvid=AFD99435A35B4E47A424EF6E44A95B22\" target=\"_blank\" rel=\"noreferrer noopener\">1 bis rue\u00a0 Michel Berger 91470 Limours<\/a><\/p>\n\n\n\n<p><strong>Eglise St Pierre<\/strong> : <a href=\"https:\/\/www.google.com\/maps\/place\/Eglise+Saint-Pierre+de+Limours\/@48.645409,2.0771855,17z\/data=!3m1!4b1!4m6!3m5!1s0x47e42b3401318495:0x5cfc666e904dbe83!8m2!3d48.645409!4d2.0771855!16s%2Fg%2F1217c995?entry=ttu\">4 rue F\u00e9licie Vallet 91470 Limours<\/a><\/p>\n\n\n\n<p><strong>Basilique ND de la Garde<\/strong> : <a href=\"https:\/\/www.bing.com\/maps?q=adresse+basilique+longpont&amp;cvid=8e65a060c8e44b46925f9729cb26e239&amp;aqs=edge..69i57.8832j0j1&amp;pglt=515&amp;FORM=ANNTA1&amp;PC=SCOOBE\" target=\"_blank\" rel=\"noreferrer noopener\">9 place des Combattants, 91310 Longpont-sur-Orge<\/a><\/p>\n\n\n\n<p><strong>Maison paroissiale<\/strong> : <a href=\"https:\/\/www.google.fr\/maps\/place\/Paroisse\/@48.6423795,2.2902011,17z\/data=!4m9!1m2!2m1!1smaison+paroissiale+longpont!3m5!1s0x47e5d9bb0f03635d:0x78444de0ae3ab48e!8m2!3d48.6426376!4d2.2920363!15sChttYWlzb24gcGFyb2lzc2lhbGUgbG9uZ3BvbnRaHSIbbWFpc29uIHBhcm9pc3NpYWxlIGxvbmdwb250kgEGcGFyaXNo?hl=fr\" data-type=\"URL\" data-id=\"https:\/\/www.google.fr\/maps\/place\/Paroisse\/@48.6423795,2.2902011,17z\/data=!4m9!1m2!2m1!1smaison+paroissiale+longpont!3m5!1s0x47e5d9bb0f03635d:0x78444de0ae3ab48e!8m2!3d48.6426376!4d2.2920363!15sChttYWlzb24gcGFyb2lzc2lhbGUgbG9uZ3BvbnRaHSIbbWFpc29uIHBhcm9pc3NpYWxlIGxvbmdwb250kgEGcGFyaXNo?hl=fr\">12 rue de Paris, 91310 Longpont sur Orge<\/a><\/p>\n\n\n\n<p><strong>Eglise Saint-Matthieu :<\/strong> <a href=\"https:\/\/www.google.fr\/maps\/place\/%C3%89glise+Saint-Matthieu\/@48.6969915,2.1620193,15z\/data=!4m6!3m5!1s0x47e5d5f7a569a467:0xd7abc2ade3b1cf1b!8m2!3d48.6969915!4d2.1620193!16s%2Fg%2F11b6_g3ld7\" target=\"_blank\" rel=\"noreferrer noopener\">8 rue du G\u00e9n\u00e9ral Leclerc, 91440 Bures sur Yvette<\/a><\/p>\n\n\n\n<p><strong>Chapelle de Courcelle<\/strong> : <a rel=\"noreferrer noopener\" href=\"https:\/\/www.google.fr\/maps\/place\/Chapelle+De+Courcelles\/@48.7000651,2.0957336,18z\/data=!4m8!1m2!2m1!1slyc%C3%A9e+gif!3m4!1s0x47e67ff17d7e0141:0x3caa664d4bf22b8e!8m2!3d48.700402!4d2.0954114?hl=fr\" target=\"_blank\">Chem. de la Glaci\u00e8re, 78470 Saint-R\u00e9my-l\u00e8s-Chevreuse<\/a><\/p>\n\n\n\n<p><strong>Eglise ND de l&rsquo;Assomption<\/strong> : <a rel=\"noreferrer noopener\" href=\"https:\/\/www.google.fr\/maps\/place\/Eglise+Notre-Dame+de+l'+Assomption.\/@48.7243849,2.1230704,16z\/data=!4m5!3m4!1s0x47e67f60d866e747:0x3fe559d33cd9a07c!8m2!3d48.7243847!4d2.1274482?hl=fr\" target=\"_blank\">Chemin de l&rsquo;Eglise , 91190 Villiers le B\u00e2cle<\/a>&nbsp;<\/p>\n\n\n\n<p><strong>Eglise Saint-Remi de Gif<\/strong> : <a href=\"https:\/\/goo.gl\/maps\/JihjbWR8trZpekUXA\">13 rue Henri Amodru , 91190 Gif sur Yvette&nbsp;<\/a><\/p>\n","protected":false},"excerpt":{"rendered":"<p>&nbsp; Calendrier Lieux Salle La Grange&nbsp; : Place du Gymnase \u00e0 Limours Salle Les Bains-Douches : Place du Monument aux morts \u00e0 Limours Salle La Sc\u00e8ne :\u00a0 1 bis rue\u00a0 Michel Berger 91470 Limours Eglise St Pierre : 4 rue F\u00e9licie Vallet 91470 Limours Basilique ND de la Garde : 9 place des Combattants, 91310&hellip;<\/p>\n<p class=\"more-link\"><a href=\"https:\/\/choeur2limours.com\/index.php\/nos-repetitions\/\" class=\"themebutton2\">Read More<\/a><\/p>\n","protected":false},"author":1,"featured_media":0,"parent":0,"menu_order":0,"comment_status":"closed","ping_status":"closed","template":"","meta":{"footnotes":""},"categories":[],"tags":[],"class_list":["post-139","page","type-page","status-publish","hentry"],"_links":{"self":[{"href":"https:\/\/choeur2limours.com\/index.php\/wp-json\/wp\/v2\/pages\/139","targetHints":{"allow":["GET"]}}],"collection":[{"href":"https:\/\/choeur2limours.com\/index.php\/wp-json\/wp\/v2\/pages"}],"about":[{"href":"https:\/\/choeur2limours.com\/index.php\/wp-json\/wp\/v2\/types\/page"}],"author":[{"embeddable":true,"href":"https:\/\/choeur2limours.com\/index.php\/wp-json\/wp\/v2\/users\/1"}],"replies":[{"embeddable":true,"href":"https:\/\/choeur2limours.com\/index.php\/wp-json\/wp\/v2\/comments?post=139"}],"version-history":[{"count":46,"href":"https:\/\/choeur2limours.com\/index.php\/wp-json\/wp\/v2\/pages\/139\/revisions"}],"predecessor-version":[{"id":10844,"href":"https:\/\/choeur2limours.com\/index.php\/wp-json\/wp\/v2\/pages\/139\/revisions\/10844"}],"wp:attachment":[{"href":"https:\/\/choeur2limours.com\/index.php\/wp-json\/wp\/v2\/media?parent=139"}],"wp:term":[{"taxonomy":"category","embeddable":true,"href":"https:\/\/choeur2limours.com\/index.php\/wp-json\/wp\/v2\/categories?post=139"},{"taxonomy":"post_tag","embeddable":true,"href":"https:\/\/choeur2limours.com\/index.php\/wp-json\/wp\/v2\/tags?post=139"}],"curies":[{"name":"wp","href":"https:\/\/api.w.org\/{rel}","templated":true}]}}