{"id":130,"date":"2017-11-21T16:26:07","date_gmt":"2017-11-21T15:26:07","guid":{"rendered":"https:\/\/choeur2limours.com\/?page_id=130"},"modified":"2018-01-27T18:51:04","modified_gmt":"2018-01-27T17:51:04","slug":"haydn-la-creation-en-anglais","status":"publish","type":"page","link":"https:\/\/choeur2limours.com\/index.php\/haydn-la-creation-en-anglais\/","title":{"rendered":"Haydn La Cr\u00e9ation en anglais"},"content":{"rendered":"<h2>En 2018, La Cr\u00e9ation sera chant\u00e9e en deux langues !<\/h2>\n\n<table id=\"tablepress-7\" class=\"tablepress tablepress-id-7\">\n<thead>\n<tr class=\"row-1\">\n\t<th class=\"column-1\">N\u00b0<\/th><th class=\"column-2\">D\u00e9but chant allemand<\/th><th class=\"column-3\">Langue<\/th><th class=\"column-4\">Titre officiel<\/th><th class=\"column-5\">D\u00e9but chant anglais<\/th>\n<\/tr>\n<\/thead>\n<tbody class=\"row-striping row-hover\">\n<tr class=\"row-2\">\n\t<td class=\"column-1\">2<\/td><td class=\"column-2\">Und der Geist Gottes<\/td><td class=\"column-3\">Anglais<\/td><td class=\"column-4\">In the Beginning<\/td><td class=\"column-5\">And the spirit of God<\/td>\n<\/tr>\n<tr class=\"row-3\">\n\t<td class=\"column-1\">3<\/td><td class=\"column-2\">Verzweiflung, Wut und<\/td><td class=\"column-3\">Allemand<\/td><td class=\"column-4\">Nun schwanden<\/td><td class=\"column-5\"><\/td>\n<\/tr>\n<tr class=\"row-4\">\n\t<td class=\"column-1\">5<\/td><td class=\"column-2\">Und laut ert\u00f6nt aus ihren<\/td><td class=\"column-3\">Anglais<\/td><td class=\"column-4\">The marv\u0092llous work beholds amaz\u0092d<\/td><td class=\"column-5\">And from th'ethereal vaults resound<\/td>\n<\/tr>\n<tr class=\"row-5\">\n\t<td class=\"column-1\">11<\/td><td class=\"column-2\">Stimmt an die Saiten<\/td><td class=\"column-3\">Allemand<\/td><td class=\"column-4\">Stimmt an die Saiten<\/td><td class=\"column-5\"><\/td>\n<\/tr>\n<tr class=\"row-6\">\n\t<td class=\"column-1\">14<\/td><td class=\"column-2\">Die Himmel erz\u00e4hlen<\/td><td class=\"column-3\">Anglais<\/td><td class=\"column-4\">The heavens are telling<\/td><td class=\"column-5\">The heavens are telling<\/td>\n<\/tr>\n<tr class=\"row-7\">\n\t<td class=\"column-1\">20<\/td><td class=\"column-2\">Der Herr ist gro\u00df in seiner<\/td><td class=\"column-3\">Allemand<\/td><td class=\"column-4\">Der Herr ist gross<\/td><td class=\"column-5\"><\/td>\n<\/tr>\n<tr class=\"row-8\">\n\t<td class=\"column-1\">27<\/td><td class=\"column-2\">Vollendet ist das gro\u00dfe Werk I<\/td><td class=\"column-3\">Anglais<\/td><td class=\"column-4\">Achieved is the glorious work I<\/td><td class=\"column-5\">Achieved is the glorious work I<\/td>\n<\/tr>\n<tr class=\"row-9\">\n\t<td class=\"column-1\">29<\/td><td class=\"column-2\">Vollendet ist das gro\u00dfe Werk II<\/td><td class=\"column-3\">Anglais<\/td><td class=\"column-4\">Achieved is the glorious work II<\/td><td class=\"column-5\">Achieved is the glorious work II<\/td>\n<\/tr>\n<tr class=\"row-10\">\n\t<td class=\"column-1\">31<\/td><td class=\"column-2\">Gesegnet sei des Herren<\/td><td class=\"column-3\">Allemand<\/td><td class=\"column-4\">Von deiner Gut<\/td><td class=\"column-5\"><\/td>\n<\/tr>\n<tr class=\"row-11\">\n\t<td class=\"column-1\">35<\/td><td class=\"column-2\">Singt dem Herren, alle Stimmen<\/td><td class=\"column-3\">Anglais<\/td><td class=\"column-4\">Sing the Lord, ye voices all!<\/td><td class=\"column-5\">Sing the Lord, ye voices all!<\/td>\n<\/tr>\n<\/tbody>\n<\/table>\n<!-- #tablepress-7 from cache -->\n<h2>T\u00e9l\u00e9chargez la progression du travail sur La Cr\u00e9ation en anglais :<\/h2>\n<p><a href=\"https:\/\/choeur2limours.com\/wp-content\/uploads\/2018\/01\/Haydn-2018-progression-04-1.pdf\" target=\"_blank\" rel=\"noopener\">Haydn 2018 progression 04<\/a><\/p>\n","protected":false},"excerpt":{"rendered":"<p>En 2018, La Cr\u00e9ation sera chant\u00e9e en deux langues ! T\u00e9l\u00e9chargez la progression du travail sur La Cr\u00e9ation en anglais : Haydn 2018 progression 04<\/p>\n","protected":false},"author":1,"featured_media":0,"parent":0,"menu_order":0,"comment_status":"closed","ping_status":"closed","template":"","meta":{"footnotes":""},"categories":[],"tags":[],"class_list":["post-130","page","type-page","status-publish","hentry"],"_links":{"self":[{"href":"https:\/\/choeur2limours.com\/index.php\/wp-json\/wp\/v2\/pages\/130","targetHints":{"allow":["GET"]}}],"collection":[{"href":"https:\/\/choeur2limours.com\/index.php\/wp-json\/wp\/v2\/pages"}],"about":[{"href":"https:\/\/choeur2limours.com\/index.php\/wp-json\/wp\/v2\/types\/page"}],"author":[{"embeddable":true,"href":"https:\/\/choeur2limours.com\/index.php\/wp-json\/wp\/v2\/users\/1"}],"replies":[{"embeddable":true,"href":"https:\/\/choeur2limours.com\/index.php\/wp-json\/wp\/v2\/comments?post=130"}],"version-history":[{"count":13,"href":"https:\/\/choeur2limours.com\/index.php\/wp-json\/wp\/v2\/pages\/130\/revisions"}],"predecessor-version":[{"id":458,"href":"https:\/\/choeur2limours.com\/index.php\/wp-json\/wp\/v2\/pages\/130\/revisions\/458"}],"wp:attachment":[{"href":"https:\/\/choeur2limours.com\/index.php\/wp-json\/wp\/v2\/media?parent=130"}],"wp:term":[{"taxonomy":"category","embeddable":true,"href":"https:\/\/choeur2limours.com\/index.php\/wp-json\/wp\/v2\/categories?post=130"},{"taxonomy":"post_tag","embeddable":true,"href":"https:\/\/choeur2limours.com\/index.php\/wp-json\/wp\/v2\/tags?post=130"}],"curies":[{"name":"wp","href":"https:\/\/api.w.org\/{rel}","templated":true}]}}